{"id":97,"date":"2013-12-14T15:31:33","date_gmt":"2013-12-14T14:31:33","guid":{"rendered":"http:\/\/vorwerks.de\/games\/?page_id=97"},"modified":"2018-05-25T10:34:00","modified_gmt":"2018-05-25T08:34:00","slug":"impressum","status":"publish","type":"page","link":"https:\/\/games.vorwerks.de\/?page_id=97","title":{"rendered":"Impressum"},"content":{"rendered":"<h1>Impressum<\/h1>\n<p>&nbsp;<\/p>\n<h2>Angaben gem\u00e4\u00df \u00a7 5 TMG:<\/h2>\n<p>&nbsp;<\/p>\n<p>Michael Vorwerk<br \/>\nVorwerKs IT\/Web<br \/>\nAn der Ley 4<br \/>\n47665 Sonsbeck<\/p>\n<p>&nbsp;<\/p>\n<h2>Kontakt:<\/h2>\n<p>Telefon: 028387769053<br \/>\nE-Mail: support@vorwerks.de<\/p>\n<p>&nbsp;<br \/>\n&nbsp;<br \/>\nUnsere <strong>AGBs<\/strong> k\u00f6nnen Sie hier als PDF-Datei herunterladen: &#8211;<a href=\"http:\/\/www.vorwerks.de\/wp-content\/uploads\/AGB\/AGB_VorwerKs_IT-Web.pdf\" title=\"AGB_Download\" target=\"_blank\">AGB Download<\/a>&#8211;<br \/>\n&nbsp;<br \/>\n&nbsp;<\/p>\n<h2>Streitschlichtung<\/h2>\n<p>\nDie Europ\u00e4ische Kommission stellt eine Plattform zur Online-Streitbeilegung (OS) bereit:<br \/>\n<a href=\"https:\/\/ec.europa.eu\/consumers\/odr\">https:\/\/ec.europa.eu\/consumers\/odr<\/a><br \/>\nUnsere E-MailAdresse finden Sie oben im Impressum.<\/p>\n<p>Wir sind nicht bereit oder verpflichtet, an Streitbeilegungsverfahren vor einer Verbraucherschlichtungsstelle teilzunehmen.<\/p>\n<p>&nbsp;<br \/>\n&nbsp;<\/p>\n<h2>Haftung f\u00fcr Inhalte<\/h2>\n<p>&nbsp;<\/p>\n<p>Als Diensteanbieter sind wir gem\u00e4\u00df \u00a7 7 Abs.1 TMG f\u00fcr eigene Inhalte auf diesen Seiten nach<br \/>\nden allgemeinen Gesetzen verantwortlich. Nach \u00a7\u00a7 8 bis 10 TMG sind wir als Diensteanbieter<br \/>\njedoch nicht verpflichtet, \u00fcbermittelte oder gespeicherte fremde Informationen zu \u00fcberwachen oder<br \/>\nnach Umst\u00e4nden zu forschen, die auf eine rechtswidrige T\u00e4tigkeit hinweisen.<\/p>\n<p>Verpflichtungen zur Entfernung oder Sperrung der Nutzung von Informationen nach den allgemeinen<br \/>\nGesetzen bleiben hiervon unber\u00fchrt. Eine diesbez\u00fcgliche Haftung ist jedoch erst ab dem Zeitpunkt<br \/>\nder Kenntnis einer konkreten Rechtsverletzung m\u00f6glich.<br \/>\nBei Bekanntwerden von entsprechenden Rechtsverletzungen werden wir diese Inhalte umgehend<br \/>\nentfernen.<\/p>\n<p>&nbsp;<br \/>\n&nbsp;<\/p>\n<h2>Haftung f\u00fcr Links<\/h2>\n<p>&nbsp;<\/p>\n<p>Unser Angebot enth\u00e4lt Links zu externen Webseiten Dritter, auf deren Inhalte wir keinen Einfluss<br \/>\nhaben. Deshalb k\u00f6nnen wir f\u00fcr diese fremden Inhalte auch keine Gew\u00e4hr \u00fcbernehmen.<br \/>\nF\u00fcr die Inhalte der verlinkten Seiten ist stets der jeweilige Anbieter oder Betreiber der Seiten verantwortlich.<br \/>\nDie verlinkten Seiten wurden zum Zeitpunkt der Verlinkung auf m\u00f6gliche Rechtsverst\u00f6\u00dfe \u00fcberpr\u00fcft.<br \/>\nRechtswidrige Inhalte waren zum Zeitpunkt der Verlinkung nicht erkennbar.<\/p>\n<p>Eine permanente inhaltliche Kontrolle der verlinkten Seiten ist jedoch ohne konkrete Anhaltspunkte<br \/>\neiner Rechtsverletzung nicht zumutbar. Bei Bekanntwerden von Rechtsverletzungen werden wir<br \/>\nderartige Links umgehend entfernen.<\/p>\n<p>&nbsp;<br \/>\n&nbsp;<\/p>\n<h2>Urheberrecht<\/h2>\n<p>&nbsp;<\/p>\n<p>Die durch die Seitenbetreiber erstellten Inhalte und Werke auf diesen Seiten unterliegen dem<br \/>\ndeutschen Urheberrecht. Die Vervielf\u00e4ltigung, Bearbeitung, Verbreitung und jede Art der Verwertung<br \/>\nau\u00dferhalb der Grenzen des Urheberrechtes bed\u00fcrfen der schriftlichen Zustimmung des jeweiligen<br \/>\nAutors bzw. Erstellers. Downloads und Kopien dieser Seite sind nur f\u00fcr den privaten,<br \/>\nnicht kommerziellen Gebrauch gestattet.<\/p>\n<p>Soweit die Inhalte auf dieser Seite nicht vom Betreiber erstellt wurden, werden die Urheberrechte<br \/>\nDritter beachtet. Insbesondere werden Inhalte Dritter als solche gekennzeichnet.<br \/>\nSollten Sie trotzdem auf eine Urheberrechtsverletzung aufmerksam werden, bitten wir um einen<br \/>\nentsprechenden Hinweis. Bei Bekanntwerden von Rechtsverletzungen werden wir derartige Inhalte umgehend entfernen.<\/p>\n<p>&nbsp;<br \/>\n&nbsp;<\/p>\n<p>Quelle: <a href=\"https:\/\/www.e-recht24.de\">eRecht24<\/a><\/p>\n","protected":false},"excerpt":{"rendered":"<p>Impressum &nbsp; Angaben gem\u00e4\u00df \u00a7 5 TMG: &nbsp; Michael Vorwerk VorwerKs IT\/Web An der Ley 4 47665 Sonsbeck &nbsp; Kontakt: Telefon: 028387769053 E-Mail: support@vorwerks.de &nbsp; &nbsp; Unsere AGBs k\u00f6nnen Sie hier als PDF-Datei herunterladen: &#8211;AGB Download&#8211; &nbsp; &nbsp; Streitschlichtung Die Europ\u00e4ische Kommission stellt eine Plattform zur Online-Streitbeilegung (OS) bereit: https:\/\/ec.europa.eu\/consumers\/odr Unsere E-MailAdresse finden Sie oben [&hellip;]<\/p>\n","protected":false},"author":1,"featured_media":0,"parent":0,"menu_order":60,"comment_status":"closed","ping_status":"closed","template":"","meta":{"footnotes":""},"class_list":["post-97","page","type-page","status-publish","hentry"],"_links":{"self":[{"href":"https:\/\/games.vorwerks.de\/index.php?rest_route=\/wp\/v2\/pages\/97","targetHints":{"allow":["GET"]}}],"collection":[{"href":"https:\/\/games.vorwerks.de\/index.php?rest_route=\/wp\/v2\/pages"}],"about":[{"href":"https:\/\/games.vorwerks.de\/index.php?rest_route=\/wp\/v2\/types\/page"}],"author":[{"embeddable":true,"href":"https:\/\/games.vorwerks.de\/index.php?rest_route=\/wp\/v2\/users\/1"}],"replies":[{"embeddable":true,"href":"https:\/\/games.vorwerks.de\/index.php?rest_route=%2Fwp%2Fv2%2Fcomments&post=97"}],"version-history":[{"count":2,"href":"https:\/\/games.vorwerks.de\/index.php?rest_route=\/wp\/v2\/pages\/97\/revisions"}],"predecessor-version":[{"id":462,"href":"https:\/\/games.vorwerks.de\/index.php?rest_route=\/wp\/v2\/pages\/97\/revisions\/462"}],"wp:attachment":[{"href":"https:\/\/games.vorwerks.de\/index.php?rest_route=%2Fwp%2Fv2%2Fmedia&parent=97"}],"curies":[{"name":"wp","href":"https:\/\/api.w.org\/{rel}","templated":true}]}}